{"id":50,"date":"2024-03-09T20:40:06","date_gmt":"2024-03-09T20:40:06","guid":{"rendered":"https:\/\/itpro360.ca\/?page_id=50"},"modified":"2024-09-07T09:13:00","modified_gmt":"2024-09-07T14:13:00","slug":"services-professionnels","status":"publish","type":"page","link":"https:\/\/itpro360.ca\/?page_id=50","title":{"rendered":"Services professionnels"},"content":{"rendered":"\t\t<div data-elementor-type=\"wp-page\" data-elementor-id=\"50\" class=\"elementor elementor-50\">\n\t\t\t\t<div class=\"elementor-element elementor-element-d13417d e-flex e-con-boxed e-con e-parent\" data-id=\"d13417d\" data-element_type=\"container\" data-e-type=\"container\">\n\t\t\t\t\t<div class=\"e-con-inner\">\n\t\t\t\t<div class=\"elementor-element elementor-element-7a1b8ba elementor-widget elementor-widget-text-editor\" data-id=\"7a1b8ba\" data-element_type=\"widget\" data-e-type=\"widget\" data-widget_type=\"text-editor.default\">\n\t\t\t\t<div class=\"elementor-widget-container\">\n\t\t\t\t\t\t\t\t\t<p>Nous offrons des services professionnels personnalis\u00e9s et adapt\u00e9s \u00e0 vos besoins, gr\u00e2ce \u00e0 une \u00e9quipe de professionnels chevronn\u00e9s. Nous sommes \u00e0 l&rsquo;\u00e9coute de nos clients pour leur offrir des solutions sur mesure pour chaque projet. Faites confiance \u00e0 notre expertise pour obtenir des r\u00e9sultats de qualit\u00e9 sup\u00e9rieure dans tous nos domaines d&rsquo;intervention.<\/p>\t\t\t\t\t\t\t\t<\/div>\n\t\t\t\t<\/div>\n\t\t\t\t\t<\/div>\n\t\t\t\t<\/div>\n\t\t<div class=\"elementor-element elementor-element-5b62155 e-flex e-con-boxed e-con e-parent\" data-id=\"5b62155\" data-element_type=\"container\" data-e-type=\"container\">\n\t\t\t\t\t<div class=\"e-con-inner\">\n\t\t<div class=\"elementor-element elementor-element-3fe6485 e-con-full e-flex e-con e-child\" data-id=\"3fe6485\" data-element_type=\"container\" data-e-type=\"container\">\n\t\t\t\t<div class=\"elementor-element elementor-element-065ea30 elementor-view-framed elementor-shape-circle elementor-position-block-start elementor-mobile-position-block-start elementor-widget elementor-widget-icon-box\" data-id=\"065ea30\" data-element_type=\"widget\" data-e-type=\"widget\" data-widget_type=\"icon-box.default\">\n\t\t\t\t<div class=\"elementor-widget-container\">\n\t\t\t\t\t\t\t<div class=\"elementor-icon-box-wrapper\">\n\n\t\t\t\t\t\t<div class=\"elementor-icon-box-icon\">\n\t\t\t\t<span  class=\"elementor-icon\">\n\t\t\t\t<svg aria-hidden=\"true\" class=\"e-font-icon-svg e-fas-sign\" viewBox=\"0 0 512 512\" xmlns=\"http:\/\/www.w3.org\/2000\/svg\"><path d=\"M496 64H128V16c0-8.8-7.2-16-16-16H80c-8.8 0-16 7.2-16 16v48H16C7.2 64 0 71.2 0 80v32c0 8.8 7.2 16 16 16h48v368c0 8.8 7.2 16 16 16h32c8.8 0 16-7.2 16-16V128h368c8.8 0 16-7.2 16-16V80c0-8.8-7.2-16-16-16zM160 384h320V160H160v224z\"><\/path><\/svg>\t\t\t\t<\/span>\n\t\t\t<\/div>\n\t\t\t\n\t\t\t\t\t\t<div class=\"elementor-icon-box-content\">\n\n\t\t\t\t\t\t\t\t\t<h6 class=\"elementor-icon-box-title\">\n\t\t\t\t\t\t<span  >\n\t\t\t\t\t\t\tConception d'architectures r\u00e9seaux \u00e0 haut niveau\t\t\t\t\t\t<\/span>\n\t\t\t\t\t<\/h6>\n\t\t\t\t\n\t\t\t\t\n\t\t\t<\/div>\n\t\t\t\n\t\t<\/div>\n\t\t\t\t\t\t<\/div>\n\t\t\t\t<\/div>\n\t\t\t\t<\/div>\n\t\t<div class=\"elementor-element elementor-element-3be5d1f e-con-full e-flex e-con e-child\" data-id=\"3be5d1f\" data-element_type=\"container\" data-e-type=\"container\">\n\t\t\t\t<div class=\"elementor-element elementor-element-undefined-43a6f2a elementor-tablet-position-block-start elementor-view-framed elementor-widget__width-initial elementor-shape-circle elementor-position-block-start elementor-mobile-position-block-start elementor-widget elementor-widget-icon-box\" data-id=\"undefined-43a6f2a\" data-element_type=\"widget\" data-e-type=\"widget\" data-widget_type=\"icon-box.default\">\n\t\t\t\t<div class=\"elementor-widget-container\">\n\t\t\t\t\t\t\t<div class=\"elementor-icon-box-wrapper\">\n\n\t\t\t\t\t\t<div class=\"elementor-icon-box-icon\">\n\t\t\t\t<span  class=\"elementor-icon\">\n\t\t\t\t<svg aria-hidden=\"true\" class=\"e-font-icon-svg e-fas-clipboard-check\" viewBox=\"0 0 384 512\" xmlns=\"http:\/\/www.w3.org\/2000\/svg\"><path d=\"M336 64h-80c0-35.3-28.7-64-64-64s-64 28.7-64 64H48C21.5 64 0 85.5 0 112v352c0 26.5 21.5 48 48 48h288c26.5 0 48-21.5 48-48V112c0-26.5-21.5-48-48-48zM192 40c13.3 0 24 10.7 24 24s-10.7 24-24 24-24-10.7-24-24 10.7-24 24-24zm121.2 231.8l-143 141.8c-4.7 4.7-12.3 4.6-17-.1l-82.6-83.3c-4.7-4.7-4.6-12.3.1-17L99.1 285c4.7-4.7 12.3-4.6 17 .1l46 46.4 106-105.2c4.7-4.7 12.3-4.6 17 .1l28.2 28.4c4.7 4.8 4.6 12.3-.1 17z\"><\/path><\/svg>\t\t\t\t<\/span>\n\t\t\t<\/div>\n\t\t\t\n\t\t\t\t\t\t<div class=\"elementor-icon-box-content\">\n\n\t\t\t\t\t\t\t\t\t<h5 class=\"elementor-icon-box-title\">\n\t\t\t\t\t\t<span  >\n\t\t\t\t\t\t\tAudits de r\u00e9seaux\t\t\t\t\t\t<\/span>\n\t\t\t\t\t<\/h5>\n\t\t\t\t\n\t\t\t\t\n\t\t\t<\/div>\n\t\t\t\n\t\t<\/div>\n\t\t\t\t\t\t<\/div>\n\t\t\t\t<\/div>\n\t\t\t\t<\/div>\n\t\t<div class=\"elementor-element elementor-element-e5ab3fd e-con-full e-flex e-con e-child\" data-id=\"e5ab3fd\" data-element_type=\"container\" data-e-type=\"container\">\n\t\t\t\t<div class=\"elementor-element elementor-element-undefined-eb14f58 elementor-tablet-position-block-start elementor-view-framed elementor-shape-circle elementor-position-block-start elementor-mobile-position-block-start elementor-widget elementor-widget-icon-box\" data-id=\"undefined-eb14f58\" data-element_type=\"widget\" data-e-type=\"widget\" data-widget_type=\"icon-box.default\">\n\t\t\t\t<div class=\"elementor-widget-container\">\n\t\t\t\t\t\t\t<div class=\"elementor-icon-box-wrapper\">\n\n\t\t\t\t\t\t<div class=\"elementor-icon-box-icon\">\n\t\t\t\t<span  class=\"elementor-icon\">\n\t\t\t\t<svg aria-hidden=\"true\" class=\"e-font-icon-svg e-fas-hands-helping\" viewBox=\"0 0 640 512\" xmlns=\"http:\/\/www.w3.org\/2000\/svg\"><path d=\"M488 192H336v56c0 39.7-32.3 72-72 72s-72-32.3-72-72V126.4l-64.9 39C107.8 176.9 96 197.8 96 220.2v47.3l-80 46.2C.7 322.5-4.6 342.1 4.3 357.4l80 138.6c8.8 15.3 28.4 20.5 43.7 11.7L231.4 448H368c35.3 0 64-28.7 64-64h16c17.7 0 32-14.3 32-32v-64h8c13.3 0 24-10.7 24-24v-48c0-13.3-10.7-24-24-24zm147.7-37.4L555.7 16C546.9.7 527.3-4.5 512 4.3L408.6 64H306.4c-12 0-23.7 3.4-33.9 9.7L239 94.6c-9.4 5.8-15 16.1-15 27.1V248c0 22.1 17.9 40 40 40s40-17.9 40-40v-88h184c30.9 0 56 25.1 56 56v28.5l80-46.2c15.3-8.9 20.5-28.4 11.7-43.7z\"><\/path><\/svg>\t\t\t\t<\/span>\n\t\t\t<\/div>\n\t\t\t\n\t\t\t\t\t\t<div class=\"elementor-icon-box-content\">\n\n\t\t\t\t\t\t\t\t\t<h5 class=\"elementor-icon-box-title\">\n\t\t\t\t\t\t<span  >\n\t\t\t\t\t\t\tSuivi et accompagnement\t\t\t\t\t\t<\/span>\n\t\t\t\t\t<\/h5>\n\t\t\t\t\n\t\t\t\t\n\t\t\t<\/div>\n\t\t\t\n\t\t<\/div>\n\t\t\t\t\t\t<\/div>\n\t\t\t\t<\/div>\n\t\t\t\t<\/div>\n\t\t<div class=\"elementor-element elementor-element-03ade99 e-con-full e-flex e-con e-child\" data-id=\"03ade99\" data-element_type=\"container\" data-e-type=\"container\">\n\t\t\t\t<div class=\"elementor-element elementor-element-27d0e76 elementor-view-framed elementor-shape-circle elementor-position-block-start elementor-mobile-position-block-start elementor-widget elementor-widget-icon-box\" data-id=\"27d0e76\" data-element_type=\"widget\" data-e-type=\"widget\" data-widget_type=\"icon-box.default\">\n\t\t\t\t<div class=\"elementor-widget-container\">\n\t\t\t\t\t\t\t<div class=\"elementor-icon-box-wrapper\">\n\n\t\t\t\t\t\t<div class=\"elementor-icon-box-icon\">\n\t\t\t\t<span  class=\"elementor-icon\">\n\t\t\t\t<svg aria-hidden=\"true\" class=\"e-font-icon-svg e-fas-tablet-alt\" viewBox=\"0 0 448 512\" xmlns=\"http:\/\/www.w3.org\/2000\/svg\"><path d=\"M400 0H48C21.5 0 0 21.5 0 48v416c0 26.5 21.5 48 48 48h352c26.5 0 48-21.5 48-48V48c0-26.5-21.5-48-48-48zM224 480c-17.7 0-32-14.3-32-32s14.3-32 32-32 32 14.3 32 32-14.3 32-32 32zm176-108c0 6.6-5.4 12-12 12H60c-6.6 0-12-5.4-12-12V60c0-6.6 5.4-12 12-12h328c6.6 0 12 5.4 12 12v312z\"><\/path><\/svg>\t\t\t\t<\/span>\n\t\t\t<\/div>\n\t\t\t\n\t\t\t\t\t\t<div class=\"elementor-icon-box-content\">\n\n\t\t\t\t\t\t\t\t\t<h5 class=\"elementor-icon-box-title\">\n\t\t\t\t\t\t<span  >\n\t\t\t\t\t\t\tDigitalisation\t\t\t\t\t\t<\/span>\n\t\t\t\t\t<\/h5>\n\t\t\t\t\n\t\t\t\t\n\t\t\t<\/div>\n\t\t\t\n\t\t<\/div>\n\t\t\t\t\t\t<\/div>\n\t\t\t\t<\/div>\n\t\t\t\t<\/div>\n\t\t<div class=\"elementor-element elementor-element-923c5b1 e-con-full e-flex e-con e-child\" data-id=\"923c5b1\" data-element_type=\"container\" data-e-type=\"container\">\n\t\t\t\t<div class=\"elementor-element elementor-element-undefined-ab590b8 elementor-tablet-position-block-start elementor-view-framed elementor-widget__width-initial elementor-shape-circle elementor-position-block-start elementor-mobile-position-block-start elementor-widget elementor-widget-icon-box\" data-id=\"undefined-ab590b8\" data-element_type=\"widget\" data-e-type=\"widget\" data-widget_type=\"icon-box.default\">\n\t\t\t\t<div class=\"elementor-widget-container\">\n\t\t\t\t\t\t\t<div class=\"elementor-icon-box-wrapper\">\n\n\t\t\t\t\t\t<div class=\"elementor-icon-box-icon\">\n\t\t\t\t<span  class=\"elementor-icon\">\n\t\t\t\t<svg aria-hidden=\"true\" class=\"e-font-icon-svg e-fab-battle-net\" viewBox=\"0 0 512 512\" xmlns=\"http:\/\/www.w3.org\/2000\/svg\"><path d=\"M448.61 225.62c26.87.18 35.57-7.43 38.92-12.37 12.47-16.32-7.06-47.6-52.85-71.33 17.76-33.58 30.11-63.68 36.34-85.3 3.38-11.83 1.09-19 .45-20.25-1.72 10.52-15.85 48.46-48.2 100.05-25-11.22-56.52-20.1-93.77-23.8-8.94-16.94-34.88-63.86-60.48-88.93C252.18 7.14 238.7 1.07 228.18.22h-.05c-13.83-1.55-22.67 5.85-27.4 11-17.2 18.53-24.33 48.87-25 84.07-7.24-12.35-17.17-24.63-28.5-25.93h-.18c-20.66-3.48-38.39 29.22-36 81.29-38.36 1.38-71 5.75-93 11.23-9.9 2.45-16.22 7.27-17.76 9.72 1-.38 22.4-9.22 111.56-9.22 5.22 53 29.75 101.82 26 93.19-9.73 15.4-38.24 62.36-47.31 97.7-5.87 22.88-4.37 37.61.15 47.14 5.57 12.75 16.41 16.72 23.2 18.26 25 5.71 55.38-3.63 86.7-21.14-7.53 12.84-13.9 28.51-9.06 39.34 7.31 19.65 44.49 18.66 88.44-9.45 20.18 32.18 40.07 57.94 55.7 74.12a39.79 39.79 0 0 0 8.75 7.09c5.14 3.21 8.58 3.37 8.58 3.37-8.24-6.75-34-38-62.54-91.78 22.22-16 45.65-38.87 67.47-69.27 122.82 4.6 143.29-24.76 148-31.64 14.67-19.88 3.43-57.44-57.32-93.69zm-77.85 106.22c23.81-37.71 30.34-67.77 29.45-92.33 27.86 17.57 47.18 37.58 49.06 58.83 1.14 12.93-8.1 29.12-78.51 33.5zM216.9 387.69c9.76-6.23 19.53-13.12 29.2-20.49 6.68 13.33 13.6 26.1 20.6 38.19-40.6 21.86-68.84 12.76-49.8-17.7zm215-171.35c-10.29-5.34-21.16-10.34-32.38-15.05a722.459 722.459 0 0 0 22.74-36.9c39.06 24.1 45.9 53.18 9.64 51.95zM279.18 398c-5.51-11.35-11-23.5-16.5-36.44 43.25 1.27 62.42-18.73 63.28-20.41 0 .07-25 15.64-62.53 12.25a718.78 718.78 0 0 0 85.06-84q13.06-15.31 24.93-31.11c-.36-.29-1.54-3-16.51-12-51.7 60.27-102.34 98-132.75 115.92-20.59-11.18-40.84-31.78-55.71-61.49-20-39.92-30-82.39-31.57-116.07 12.3.91 25.27 2.17 38.85 3.88-22.29 36.8-14.39 63-13.47 64.23 0-.07-.95-29.17 20.14-59.57a695.23 695.23 0 0 0 44.67 152.84c.93-.38 1.84.88 18.67-8.25-26.33-74.47-33.76-138.17-34-173.43 20-12.42 48.18-19.8 81.63-17.81 44.57 2.67 86.36 15.25 116.32 30.71q-10.69 15.66-23.33 32.47C365.63 152 339.1 145.84 337.5 146c.11 0 25.9 14.07 41.52 47.22a717.63 717.63 0 0 0-115.34-31.71 646.608 646.608 0 0 0-39.39-6.05c-.07.45-1.81 1.85-2.16 20.33C300 190.28 358.78 215.68 389.36 233c.74 23.55-6.95 51.61-25.41 79.57-24.6 37.31-56.39 67.23-84.77 85.43zm27.4-287c-44.56-1.66-73.58 7.43-94.69 20.67 2-52.3 21.31-76.38 38.21-75.28C267 52.15 305 108.55 306.58 111zm-130.65 3.1c.48 12.11 1.59 24.62 3.21 37.28-14.55-.85-28.74-1.25-42.4-1.26-.08 3.24-.12-51 24.67-49.59h.09c5.76 1.09 10.63 6.88 14.43 13.57zm-28.06 162c20.76 39.7 43.3 60.57 65.25 72.31-46.79 24.76-77.53 20-84.92 4.51-.2-.21-11.13-15.3 19.67-76.81zm210.06 74.8\"><\/path><\/svg>\t\t\t\t<\/span>\n\t\t\t<\/div>\n\t\t\t\n\t\t\t\t\t\t<div class=\"elementor-icon-box-content\">\n\n\t\t\t\t\t\t\t\t\t<h5 class=\"elementor-icon-box-title\">\n\t\t\t\t\t\t<span  >\n\t\t\t\t\t\t\tConception d'architectures r\u00e9seaux d\u00e9taill\u00e9es\t\t\t\t\t\t<\/span>\n\t\t\t\t\t<\/h5>\n\t\t\t\t\n\t\t\t\t\n\t\t\t<\/div>\n\t\t\t\n\t\t<\/div>\n\t\t\t\t\t\t<\/div>\n\t\t\t\t<\/div>\n\t\t\t\t<\/div>\n\t\t<div class=\"elementor-element elementor-element-16a5560 e-con-full e-flex e-con e-child\" data-id=\"16a5560\" data-element_type=\"container\" data-e-type=\"container\">\n\t\t\t\t<div class=\"elementor-element elementor-element-3a0f1ef elementor-view-framed elementor-shape-circle elementor-position-block-start elementor-mobile-position-block-start elementor-widget elementor-widget-icon-box\" data-id=\"3a0f1ef\" data-element_type=\"widget\" data-e-type=\"widget\" data-widget_type=\"icon-box.default\">\n\t\t\t\t<div class=\"elementor-widget-container\">\n\t\t\t\t\t\t\t<div class=\"elementor-icon-box-wrapper\">\n\n\t\t\t\t\t\t<div class=\"elementor-icon-box-icon\">\n\t\t\t\t<span  class=\"elementor-icon\">\n\t\t\t\t<svg aria-hidden=\"true\" class=\"e-font-icon-svg e-fas-thermometer-three-quarters\" viewBox=\"0 0 256 512\" xmlns=\"http:\/\/www.w3.org\/2000\/svg\"><path d=\"M192 384c0 35.346-28.654 64-64 64-35.346 0-64-28.654-64-64 0-23.685 12.876-44.349 32-55.417V160c0-17.673 14.327-32 32-32s32 14.327 32 32v168.583c19.124 11.068 32 31.732 32 55.417zm32-84.653c19.912 22.563 32 52.194 32 84.653 0 70.696-57.303 128-128 128-.299 0-.609-.001-.909-.003C56.789 511.509-.357 453.636.002 383.333.166 351.135 12.225 321.755 32 299.347V96c0-53.019 42.981-96 96-96s96 42.981 96 96v203.347zM208 384c0-34.339-19.37-52.19-32-66.502V96c0-26.467-21.533-48-48-48S80 69.533 80 96v221.498c-12.732 14.428-31.825 32.1-31.999 66.08-.224 43.876 35.563 80.116 79.423 80.42L128 464c44.112 0 80-35.888 80-80z\"><\/path><\/svg>\t\t\t\t<\/span>\n\t\t\t<\/div>\n\t\t\t\n\t\t\t\t\t\t<div class=\"elementor-icon-box-content\">\n\n\t\t\t\t\t\t\t\t\t<h5 class=\"elementor-icon-box-title\">\n\t\t\t\t\t\t<span  >\n\t\t\t\t\t\t\tTroubleshooting et conseils techniques\t\t\t\t\t\t<\/span>\n\t\t\t\t\t<\/h5>\n\t\t\t\t\n\t\t\t\t\n\t\t\t<\/div>\n\t\t\t\n\t\t<\/div>\n\t\t\t\t\t\t<\/div>\n\t\t\t\t<\/div>\n\t\t\t\t<\/div>\n\t\t\t\t\t<\/div>\n\t\t\t\t<\/div>\n\t\t<div class=\"elementor-element elementor-element-7f0461e e-flex e-con-boxed e-con e-parent\" data-id=\"7f0461e\" data-element_type=\"container\" data-e-type=\"container\">\n\t\t\t\t\t<div class=\"e-con-inner\">\n\t\t<div class=\"elementor-element elementor-element-ecc1058 e-con-full e-flex e-con e-child\" data-id=\"ecc1058\" data-element_type=\"container\" data-e-type=\"container\">\n\t\t\t\t<div class=\"elementor-element elementor-element-9636d5c elementor-view-framed elementor-shape-circle elementor-position-block-start elementor-mobile-position-block-start elementor-widget elementor-widget-icon-box\" data-id=\"9636d5c\" data-element_type=\"widget\" data-e-type=\"widget\" data-widget_type=\"icon-box.default\">\n\t\t\t\t<div class=\"elementor-widget-container\">\n\t\t\t\t\t\t\t<div class=\"elementor-icon-box-wrapper\">\n\n\t\t\t\t\t\t<div class=\"elementor-icon-box-icon\">\n\t\t\t\t<a href=\"https:\/\/itpro360.ca\/?page_id=47\" class=\"elementor-icon\" tabindex=\"-1\" aria-label=\"Services conseils\">\n\t\t\t\t<svg aria-hidden=\"true\" class=\"e-font-icon-svg e-fas-toolbox\" viewBox=\"0 0 512 512\" xmlns=\"http:\/\/www.w3.org\/2000\/svg\"><path d=\"M502.63 214.63l-45.25-45.25c-6-6-14.14-9.37-22.63-9.37H384V80c0-26.51-21.49-48-48-48H176c-26.51 0-48 21.49-48 48v80H77.25c-8.49 0-16.62 3.37-22.63 9.37L9.37 214.63c-6 6-9.37 14.14-9.37 22.63V320h128v-16c0-8.84 7.16-16 16-16h32c8.84 0 16 7.16 16 16v16h128v-16c0-8.84 7.16-16 16-16h32c8.84 0 16 7.16 16 16v16h128v-82.75c0-8.48-3.37-16.62-9.37-22.62zM320 160H192V96h128v64zm64 208c0 8.84-7.16 16-16 16h-32c-8.84 0-16-7.16-16-16v-16H192v16c0 8.84-7.16 16-16 16h-32c-8.84 0-16-7.16-16-16v-16H0v96c0 17.67 14.33 32 32 32h448c17.67 0 32-14.33 32-32v-96H384v16z\"><\/path><\/svg>\t\t\t\t<\/a>\n\t\t\t<\/div>\n\t\t\t\n\t\t\t\t\t\t<div class=\"elementor-icon-box-content\">\n\n\t\t\t\t\t\t\t\t\t<h5 class=\"elementor-icon-box-title\">\n\t\t\t\t\t\t<a href=\"https:\/\/itpro360.ca\/?page_id=47\" >\n\t\t\t\t\t\t\tServices conseils\t\t\t\t\t\t<\/a>\n\t\t\t\t\t<\/h5>\n\t\t\t\t\n\t\t\t\t\n\t\t\t<\/div>\n\t\t\t\n\t\t<\/div>\n\t\t\t\t\t\t<\/div>\n\t\t\t\t<\/div>\n\t\t\t\t<\/div>\n\t\t<div class=\"elementor-element elementor-element-9a95dda e-con-full e-flex e-con e-child\" data-id=\"9a95dda\" data-element_type=\"container\" data-e-type=\"container\">\n\t\t\t\t<\/div>\n\t\t<div class=\"elementor-element elementor-element-3b5bc80 e-con-full e-flex e-con e-child\" data-id=\"3b5bc80\" data-element_type=\"container\" data-e-type=\"container\">\n\t\t\t\t<\/div>\n\t\t<div class=\"elementor-element elementor-element-670d324 e-con-full e-flex e-con e-child\" data-id=\"670d324\" data-element_type=\"container\" data-e-type=\"container\">\n\t\t\t\t<\/div>\n\t\t<div class=\"elementor-element elementor-element-d6204a8 e-con-full e-flex e-con e-child\" data-id=\"d6204a8\" data-element_type=\"container\" data-e-type=\"container\">\n\t\t\t\t<\/div>\n\t\t<div class=\"elementor-element elementor-element-14b238d e-con-full e-flex e-con e-child\" data-id=\"14b238d\" data-element_type=\"container\" data-e-type=\"container\">\n\t\t\t\t<\/div>\n\t\t\t\t\t<\/div>\n\t\t\t\t<\/div>\n\t\t\t\t<\/div>\n\t\t","protected":false},"excerpt":{"rendered":"<p>Nous offrons des services professionnels personnalis\u00e9s et adapt\u00e9s \u00e0 vos besoins, gr\u00e2ce \u00e0 une \u00e9quipe de professionnels chevronn\u00e9s. Nous sommes \u00e0 l&rsquo;\u00e9coute de nos clients pour leur offrir des solutions sur mesure pour chaque projet. Faites confiance \u00e0 notre expertise pour obtenir des r\u00e9sultats de qualit\u00e9 sup\u00e9rieure dans tous nos domaines d&rsquo;intervention. Conception d&rsquo;architectures r\u00e9seaux [&hellip;]<\/p>\n","protected":false},"author":1,"featured_media":0,"parent":0,"menu_order":0,"comment_status":"closed","ping_status":"closed","template":"elementor_header_footer","meta":{"footnotes":""},"class_list":["post-50","page","type-page","status-publish","hentry"],"_links":{"self":[{"href":"https:\/\/itpro360.ca\/index.php?rest_route=\/wp\/v2\/pages\/50","targetHints":{"allow":["GET"]}}],"collection":[{"href":"https:\/\/itpro360.ca\/index.php?rest_route=\/wp\/v2\/pages"}],"about":[{"href":"https:\/\/itpro360.ca\/index.php?rest_route=\/wp\/v2\/types\/page"}],"author":[{"embeddable":true,"href":"https:\/\/itpro360.ca\/index.php?rest_route=\/wp\/v2\/users\/1"}],"replies":[{"embeddable":true,"href":"https:\/\/itpro360.ca\/index.php?rest_route=%2Fwp%2Fv2%2Fcomments&post=50"}],"version-history":[{"count":149,"href":"https:\/\/itpro360.ca\/index.php?rest_route=\/wp\/v2\/pages\/50\/revisions"}],"predecessor-version":[{"id":691,"href":"https:\/\/itpro360.ca\/index.php?rest_route=\/wp\/v2\/pages\/50\/revisions\/691"}],"wp:attachment":[{"href":"https:\/\/itpro360.ca\/index.php?rest_route=%2Fwp%2Fv2%2Fmedia&parent=50"}],"curies":[{"name":"wp","href":"https:\/\/api.w.org\/{rel}","templated":true}]}}